{"id":73,"date":"2024-03-18T09:45:16","date_gmt":"2024-03-18T08:45:16","guid":{"rendered":"https:\/\/subdomain.devstrategies.se\/?page_id=73"},"modified":"2025-09-24T14:15:19","modified_gmt":"2025-09-24T12:15:19","slug":"kontakta-oss","status":"publish","type":"page","link":"https:\/\/devstrategies.se\/en\/kontakta-oss\/","title":{"rendered":"Kontakta oss"},"content":{"rendered":"<div id=\"fws_69ee1169116a5\"  data-column-margin=\"20px\" data-midnight=\"dark\" data-top-percent=\"15%\" data-bottom-percent=\"5%\"  class=\"wpb_row vc_row-fluid vc_row full-width-content vc_row-o-equal-height vc_row-flex vc_row-o-content-top  zindex-set right_padding_15pct left_padding_5pct top_padding_tablet_30pct top_padding_phone_40pct bottom_padding_tablet_12pct bottom_padding_phone_18pct right_padding_phone_5pct left_padding_phone_5pct\"  style=\"padding-top: calc(100vw * 0.15); padding-bottom: calc(100vw * 0.05);  z-index: 10;\"><div class=\"row-bg-wrap\" data-bg-animation=\"none\" data-bg-animation-delay=\"\" data-bg-overlay=\"false\"><div class=\"inner-wrap row-bg-layer\" ><div class=\"row-bg viewport-desktop\"  style=\"\"><\/div><\/div><\/div><div class=\"row_col_wrap_12 col span_12 dark left\">\n\t<div  class=\"vc_col-sm-12 wpb_column column_container vc_column_container col no-extra-padding el_spacing_0px inherit_tablet inherit_phone\"  data-border-radius=\"15px\" data-padding-pos=\"all\" data-has-bg-color=\"false\" data-bg-color=\"\" data-bg-opacity=\"1\" data-animation=\"\" data-delay=\"0\" >\n\t\t<div class=\"vc_column-inner\" >\n\t\t\t<div class=\"wpb_wrapper\">\n\t\t\t\t<div class=\"nectar-split-heading  font_size_65px font_size_tablet_35px font_size_phone_27px text_direction_ltr\" data-align=\"default\" data-m-align=\"inherit\" data-text-effect=\"none\" data-animation-type=\"line-reveal-by-space\" data-animation-delay=\"0\" data-animation-offset=\"\" data-m-rm-animation=\"\" data-stagger=\"\" data-custom-font-size=\"true\" style=\"font-size: 65px; line-height: 70.2px;\"><h1 style=\" color: #000000;\">Kontakt<\/h1><\/div><div class=\"divider-wrap height_tablet_10px height_phone_10px\" data-alignment=\"default\"><div style=\"height: 20px;\" class=\"divider\"><\/div><\/div>\n<div class=\"wpb_text_column wpb_content_element  text_direction_ltr\" >\n\t<div class=\"wpb_wrapper\">\n\t\t<div id=\"page-zones__main-widgets__659ad706aad7e-widgets__66a4bdb223597\" class=\"widget widget--zone-widget js-widget\" data-name=\"content\" data-uniqueid=\"vmoF2TNpQJspYM8\" data-parentuniqueid=\"TElnAstaNEBWGug\">\n<div class=\"bk-content-text content widget__content wysihtml-editor-content\">\n<h3>\u00c4r du intresserad av att veta mer om oss, v\u00e5ra tj\u00e4nster, DevCap software eller v\u00e5rt utbildnings- och \u00f6vningsutbud?<\/h3>\n<h3>Kontakta oss s\u00e5 bokar vi g\u00e4rna in ett m\u00f6te anpassat efter dina behov.<\/h3>\n<\/div>\n<\/div>\n\t<\/div>\n<\/div>\n\n\n\n<div class=\"divider-wrap height_tablet_10px height_phone_10px\" data-alignment=\"default\"><div style=\"height: 20px;\" class=\"divider\"><\/div><\/div><div class=\"iwithtext\"><div class=\"iwt-icon\"> <i class=\"icon-default-style fa fa-phone extra-color-2\"><\/i> <\/div><div class=\"iwt-text\"> \n<h3><a href=\"tel:+46812439603\"><span style=\"color: #2030fc;\">+46 (0)8 &#8211; 124 39 603<\/span><\/a><\/h3>\n <\/div><div class=\"clear\"><\/div><\/div><div class=\"divider-wrap height_tablet_10px height_phone_10px\" data-alignment=\"default\"><div style=\"height: 20px;\" class=\"divider\"><\/div><\/div><div class=\"iwithtext\"><div class=\"iwt-icon\"> <i class=\"icon-default-style fa fa-envelope-o extra-color-2\"><\/i> <\/div><div class=\"iwt-text\"> \n<h3><a href=\"mailto:info@devstrategies.se\"><span style=\"color: #2030fc;\">info@devstrategies.se<\/span><\/a> eller anv\u00e4nd kontaktformul\u00e4ret nedan.<\/h3>\n <\/div><div class=\"clear\"><\/div><\/div><div class=\"divider-wrap height_tablet_10px height_phone_10px\" data-alignment=\"default\"><div style=\"height: 20px;\" class=\"divider\"><\/div><\/div>\n<div class=\"wpb_text_column wpb_content_element\" >\n\t<div class=\"wpb_wrapper\">\n\t\t<p><a style=\"border-bottom: 2px solid blue; text-decoration: none; padding-bottom: 2px;\" href=\"https:\/\/devstrategies.se\/en\/contact-us\/\">Contact form in English<\/a><\/p>\n\t<\/div>\n<\/div>\n\n\n\n<div class=\"divider-wrap height_tablet_10px height_phone_10px\" data-alignment=\"default\"><div style=\"height: 20px;\" class=\"divider\"><\/div><\/div>\n\t\t\t<\/div> \n\t\t<\/div>\n\t<\/div> \n<\/div><\/div>\n\t\t<div id=\"fws_69ee116912f75\"  data-column-margin=\"default\" data-midnight=\"dark\" data-top-percent=\"2.5%\" data-bottom-percent=\"5%\"  class=\"wpb_row vc_row-fluid vc_row  bottom_padding_tablet_10pct bottom_padding_phone_15pct\"  style=\"padding-top: calc(100vw * 0.02); padding-bottom: calc(100vw * 0.05); \"><div class=\"row-bg-wrap\" data-bg-animation=\"none\" data-bg-animation-delay=\"\" data-bg-overlay=\"false\"><div class=\"inner-wrap row-bg-layer\" ><div class=\"row-bg viewport-desktop\"  style=\"\"><\/div><\/div><\/div><div class=\"row_col_wrap_12 col span_12 dark left\">\n\t<div style=\" color: #000000;\" class=\"vc_col-sm-12 wpb_column column_container vc_column_container col no-extra-padding force-desktop-text-align-left force-tablet-text-align-left force-phone-text-align-left inherit_tablet inherit_phone\" data-cfc=\"true\"  data-padding-pos=\"all\" data-has-bg-color=\"false\" data-bg-color=\"\" data-bg-opacity=\"1\" data-animation=\"\" data-delay=\"0\" >\n\t\t<div class=\"vc_column-inner\" >\n\t\t\t<div class=\"wpb_wrapper\">\n\t\t\t\t<div id=\"fws_69ee1169136e5\" data-midnight=\"\" data-column-margin=\"50px\" class=\"wpb_row vc_row-fluid vc_row inner_row vc_row-o-equal-height vc_row-flex\"  style=\"\"><div class=\"row-bg-wrap\"> <div class=\"row-bg\" ><\/div> <\/div><div class=\"row_col_wrap_12_inner col span_12  left\">\n\t<div  class=\"vc_col-sm-3 wpb_column column_container vc_column_container col child_column no-extra-padding inherit_tablet inherit_phone\"   data-padding-pos=\"all\" data-has-bg-color=\"false\" data-bg-color=\"\" data-bg-opacity=\"1\" data-animation=\"\" data-delay=\"0\" >\n\t\t<div class=\"vc_column-inner\" >\n\t\t<div class=\"wpb_wrapper\">\n\t\t\t\n\t\t<\/div> \n\t<\/div>\n\t<\/div> \n\n\t<div  class=\"vc_col-sm-6 wpb_column column_container vc_column_container col child_column padding-4-percent inherit_tablet inherit_phone\"   data-shadow=\"small_depth\" data-border-radius=\"5px\" data-border-animation=\"\" data-border-animation-delay=\"\" data-border-width=\"1px\" data-border-style=\"solid\" data-border-color=\"#2030fc\" data-padding-pos=\"all\" data-has-bg-color=\"false\" data-bg-color=\"\" data-bg-opacity=\"1\" data-animation=\"\" data-delay=\"0\" >\n\t\t<div class=\"vc_column-inner\" style=\"border: 1px solid #2030fc;\"><div class=\"column-bg-overlay-wrap column-bg-layer\" data-bg-animation=\"none\"><div class=\"column-bg-overlay\"><\/div><\/div>\n\t\t<div class=\"wpb_wrapper\">\n\t\t\t\n<div class=\"wpb_text_column wpb_content_element\" >\n\t<div class=\"wpb_wrapper\">\n\t\t<div id=\"page-zones__main-widgets__659ad706aad7e\" class=\"widget widget--zone-widget js-widget style--spare height--thin\" data-name=\"row\" data-uniqueid=\"TElnAstaNEBWGug\" data-parentuniqueid=\"GLFm7FGoFgtEcBv\">\n<div class=\"row row--style-spare row--height-thin row--vertical-align-top row--background-type-color row--width-medium row--text-1a row--layout-text-1a js-row\" data-rowtype=\"text-1a\">\n<div class=\"row__container js-row-container\">\n<div id=\"page-zones__main-widgets__659ad706aad7e-widgets__65ad039b1cf6e\" class=\"widget widget--zone-widget js-widget\" data-name=\"content\" data-uniqueid=\"DuJrjSzNPLp6cb6\" data-parentuniqueid=\"TElnAstaNEBWGug\">\n<div class=\"bk-content-text content widget__content wysihtml-editor-content\">\n<h4><strong>Kontakta oss<br \/>\n<\/strong><\/h4>\n<p>*Obligatoriska f\u00e4lt.<\/p>\n<\/div>\n<\/div>\n<\/div>\n<\/div>\n<\/div>\n<div id=\"page-zones__main-widgets__65cd4561cc1ae\" class=\"widget widget--zone-widget js-widget style--dark height--thin\" data-name=\"row\" data-uniqueid=\"nGIBloWsdJKntN5\" data-parentuniqueid=\"GLFm7FGoFgtEcBv\">\n<div class=\"row row--style-dark row--height-thin row--vertical-align-top row--background-type-color row--width-medium js-row\" data-rowtype=\"\">\n<div class=\"row__container js-row-container\">\n<div id=\"page-zones__main-widgets__65cd4561cc1ae-widgets__65cd4561d693f\" class=\"widget widget--zone-widget js-widget\" data-name=\"content\" data-uniqueid=\"b2CAJVikXcZ6MfO\" data-parentuniqueid=\"nGIBloWsdJKntN5\">\n<div class=\"bk-content-text content widget__content wysihtml-editor-content\"><\/div>\n<\/div>\n<\/div>\n<\/div>\n<\/div>\n\t<\/div>\n<\/div>\n\n\n\n\n<div class=\"wpcf7 no-js\" id=\"wpcf7-f9067-o1\" lang=\"sv-SE\" dir=\"ltr\" data-wpcf7-id=\"9067\">\n<div class=\"screen-reader-response\"><p role=\"status\" aria-live=\"polite\" aria-atomic=\"true\"><\/p> <ul><\/ul><\/div>\n<form action=\"\/en\/wp-json\/wp\/v2\/pages\/73#wpcf7-f9067-o1\" method=\"post\" class=\"wpcf7-form init\" aria-label=\"Kontaktformul\u00e4r\" novalidate=\"novalidate\" data-status=\"init\" data-trp-original-action=\"\/en\/wp-json\/wp\/v2\/pages\/73#wpcf7-f9067-o1\">\n<fieldset class=\"hidden-fields-container\"><input type=\"hidden\" name=\"_wpcf7\" value=\"9067\" \/><input type=\"hidden\" name=\"_wpcf7_version\" value=\"6.1.5\" \/><input type=\"hidden\" name=\"_wpcf7_locale\" value=\"sv_SE\" \/><input type=\"hidden\" name=\"_wpcf7_unit_tag\" value=\"wpcf7-f9067-o1\" \/><input type=\"hidden\" name=\"_wpcf7_container_post\" value=\"0\" \/><input type=\"hidden\" name=\"_wpcf7_posted_data_hash\" value=\"\" \/>\n<\/fieldset>\n<div class=\"nectar-wpcf7-inline-form\">\n\t<div class=\"nectar-wpcf7-inline-field\">\n\t\t<p><label for=\"first-name\">F\u00f6rnamn*<\/label><br \/>\n<span class=\"wpcf7-form-control-wrap\" data-name=\"first-name\"><input size=\"40\" maxlength=\"400\" class=\"wpcf7-form-control wpcf7-text wpcf7-validates-as-required\" id=\"first-name\" aria-required=\"true\" aria-invalid=\"false\" value=\"\" type=\"text\" name=\"first-name\" \/><\/span>\n\t\t<\/p>\n\t<\/div>\n\t<div class=\"nectar-wpcf7-inline-field\">\n\t\t<p><label for=\"last-name\">Efternamn*<\/label><br \/>\n<span class=\"wpcf7-form-control-wrap\" data-name=\"last-name\"><input size=\"40\" maxlength=\"400\" class=\"wpcf7-form-control wpcf7-text wpcf7-validates-as-required\" id=\"last-name\" aria-required=\"true\" aria-invalid=\"false\" value=\"\" type=\"text\" name=\"last-name\" \/><\/span>\n\t\t<\/p>\n\t<\/div>\n<\/div>\n<div class=\"nectar-wpcf7-inline-form\">\n\t<div class=\"nectar-wpcf7-inline-field\">\n\t\t<p><label for=\"your-company\">F\u00f6retag \/ Organisation*<\/label><br \/>\n<span class=\"wpcf7-form-control-wrap\" data-name=\"your-company\"><input size=\"40\" maxlength=\"400\" class=\"wpcf7-form-control wpcf7-text wpcf7-validates-as-required\" id=\"your-company\" aria-required=\"true\" aria-invalid=\"false\" value=\"\" type=\"text\" name=\"your-company\" \/><\/span>\n\t\t<\/p>\n\t<\/div>\n<\/div>\n<div class=\"nectar-wpcf7-inline-form\">\n\t<div class=\"nectar-wpcf7-inline-field\">\n\t\t<p><label for=\"your-email\">E-post*<\/label><br \/>\n<span class=\"wpcf7-form-control-wrap\" data-name=\"your-email\"><input size=\"40\" maxlength=\"400\" class=\"wpcf7-form-control wpcf7-email wpcf7-validates-as-required wpcf7-text wpcf7-validates-as-email\" id=\"your-email\" aria-required=\"true\" aria-invalid=\"false\" value=\"\" type=\"email\" name=\"your-email\" \/><\/span>\n\t\t<\/p>\n\t<\/div>\n\t<div class=\"nectar-wpcf7-inline-field\">\n\t\t<p><label for=\"phone-number\">Telefonnummer<\/label><br \/>\n<span class=\"wpcf7-form-control-wrap\" data-name=\"phone-number\"><input size=\"40\" maxlength=\"400\" class=\"wpcf7-form-control wpcf7-tel wpcf7-text wpcf7-validates-as-tel\" id=\"phone-number\" aria-invalid=\"false\" value=\"\" type=\"tel\" name=\"phone-number\" \/><\/span>\n\t\t<\/p>\n\t<\/div>\n<\/div>\n<p><label for=\"your-message\">Meddelande*<\/label><br \/>\n<span class=\"wpcf7-form-control-wrap\" data-name=\"your-message\"><textarea cols=\"40\" rows=\"4\" maxlength=\"2000\" class=\"wpcf7-form-control wpcf7-textarea wpcf7-validates-as-required\" id=\"your-message\" aria-required=\"true\" aria-invalid=\"false\" name=\"your-message\"><\/textarea><\/span>\n<\/p>\n<p><span class=\"wpcf7-form-control-wrap\" data-name=\"gdpr-accept\"><span class=\"wpcf7-form-control wpcf7-acceptance\"><span class=\"wpcf7-list-item\"><label><input type=\"checkbox\" name=\"gdpr-accept\" value=\"1\" aria-invalid=\"false\" \/><span class=\"wpcf7-list-item-label\">H\u00e4rmed godk\u00e4nner jag villkoren. L\u00e4s mer i v\u00e5r\n<a href=\"https:\/\/devstrategies.se\/en\/personuppgiftspolicy\/\" target=\"_blank\" rel=\"noopener noreferrer\" style=\"text-decoration: underline;\">\npersonuppgiftspolicy<\/a>.<\/span><\/label><\/span><\/span><\/span>\n<\/p>\n<div class=\"submit-wrapper\" style=\"width: 100%;\">\n\t<p><input class=\"wpcf7-form-control wpcf7-submit has-spinner\" type=\"submit\" value=\"Skicka\" \/>\n\t<\/p>\n<\/div><div class=\"wpcf7-response-output\" aria-hidden=\"true\"><\/div>\n<input type=\"hidden\" name=\"trp-form-language\" value=\"en\"\/><\/form>\n<\/div>\n\n\t\t<\/div> \n\t<\/div>\n\t<\/div> \n\n\t<div  class=\"vc_col-sm-3 wpb_column column_container vc_column_container col child_column no-extra-padding inherit_tablet inherit_phone\"   data-padding-pos=\"all\" data-has-bg-color=\"false\" data-bg-color=\"\" data-bg-opacity=\"1\" data-animation=\"\" data-delay=\"0\" >\n\t\t<div class=\"vc_column-inner\" >\n\t\t<div class=\"wpb_wrapper\">\n\t\t\t\n\t\t<\/div> \n\t<\/div>\n\t<\/div> \n<\/div><\/div>\n\t\t\t<\/div> \n\t\t<\/div>\n\t<\/div> \n<\/div><\/div>","protected":false},"excerpt":{"rendered":"Kontakt \u00c4r du intresserad av att veta mer om oss, v\u00e5ra tj\u00e4nster, DevCap software eller v\u00e5rt utbildnings- och \u00f6vningsutbud? Kontakta oss s\u00e5 bokar vi g\u00e4rna in ett m\u00f6te anpassat efter...","protected":false},"author":1,"featured_media":0,"parent":0,"menu_order":0,"comment_status":"closed","ping_status":"closed","template":"","meta":{"footnotes":""},"class_list":["post-73","page","type-page","status-publish"],"yoast_head":"<!-- This site is optimized with the Yoast SEO plugin v27.4 - https:\/\/yoast.com\/product\/yoast-seo-wordpress\/ -->\n<title>Kontakta oss - Dev Strategies<\/title>\n<meta name=\"description\" content=\"\u00c4r du intresserad av att veta mer om oss, v\u00e5ra tj\u00e4nster eller DevCap software? Kontakta oss s\u00e5 bokar vi g\u00e4rna in ett m\u00f6te anpassat efter dina behov.\" \/>\n<meta name=\"robots\" content=\"index, follow, max-snippet:-1, max-image-preview:large, max-video-preview:-1\" \/>\n<link rel=\"canonical\" href=\"https:\/\/devstrategies.se\/en\/kontakta-oss\/\" \/>\n<meta property=\"og:locale\" content=\"en_GB\" \/>\n<meta property=\"og:type\" content=\"article\" \/>\n<meta property=\"og:title\" content=\"Kontakta oss - Dev Strategies\" \/>\n<meta property=\"og:description\" content=\"\u00c4r du intresserad av att veta mer om oss, v\u00e5ra tj\u00e4nster eller DevCap software? Kontakta oss s\u00e5 bokar vi g\u00e4rna in ett m\u00f6te anpassat efter dina behov.\" \/>\n<meta property=\"og:url\" content=\"https:\/\/devstrategies.se\/en\/kontakta-oss\/\" \/>\n<meta property=\"og:site_name\" content=\"Dev Strategies\" \/>\n<meta property=\"article:modified_time\" content=\"2025-09-24T12:15:19+00:00\" \/>\n<meta name=\"twitter:card\" content=\"summary_large_image\" \/>\n<meta name=\"twitter:label1\" content=\"Estimated reading time\" \/>\n\t<meta name=\"twitter:data1\" content=\"2 minutes\" \/>\n<script type=\"application\/ld+json\" class=\"yoast-schema-graph\">{\"@context\":\"https:\\\/\\\/schema.org\",\"@graph\":[{\"@type\":\"WebPage\",\"@id\":\"https:\\\/\\\/devstrategies.se\\\/kontakta-oss\\\/\",\"url\":\"https:\\\/\\\/devstrategies.se\\\/kontakta-oss\\\/\",\"name\":\"Kontakta oss - Dev Strategies\",\"isPartOf\":{\"@id\":\"https:\\\/\\\/devstrategies.se\\\/#website\"},\"datePublished\":\"2024-03-18T08:45:16+00:00\",\"dateModified\":\"2025-09-24T12:15:19+00:00\",\"description\":\"\u00c4r du intresserad av att veta mer om oss, v\u00e5ra tj\u00e4nster eller DevCap software? Kontakta oss s\u00e5 bokar vi g\u00e4rna in ett m\u00f6te anpassat efter dina behov.\",\"breadcrumb\":{\"@id\":\"https:\\\/\\\/devstrategies.se\\\/kontakta-oss\\\/#breadcrumb\"},\"inLanguage\":\"en-GB\",\"potentialAction\":[{\"@type\":\"ReadAction\",\"target\":[\"https:\\\/\\\/devstrategies.se\\\/kontakta-oss\\\/\"]}]},{\"@type\":\"BreadcrumbList\",\"@id\":\"https:\\\/\\\/devstrategies.se\\\/kontakta-oss\\\/#breadcrumb\",\"itemListElement\":[{\"@type\":\"ListItem\",\"position\":1,\"name\":\"Hem\",\"item\":\"https:\\\/\\\/devstrategies.se\\\/\"},{\"@type\":\"ListItem\",\"position\":2,\"name\":\"Kontakta oss\"}]},{\"@type\":\"WebSite\",\"@id\":\"https:\\\/\\\/devstrategies.se\\\/#website\",\"url\":\"https:\\\/\\\/devstrategies.se\\\/\",\"name\":\"Dev Strategies\",\"description\":\"Risk. Security. Defence\",\"publisher\":{\"@id\":\"https:\\\/\\\/devstrategies.se\\\/#organization\"},\"potentialAction\":[{\"@type\":\"SearchAction\",\"target\":{\"@type\":\"EntryPoint\",\"urlTemplate\":\"https:\\\/\\\/devstrategies.se\\\/?s={search_term_string}\"},\"query-input\":{\"@type\":\"PropertyValueSpecification\",\"valueRequired\":true,\"valueName\":\"search_term_string\"}}],\"inLanguage\":\"en-GB\"},{\"@type\":\"Organization\",\"@id\":\"https:\\\/\\\/devstrategies.se\\\/#organization\",\"name\":\"Dev Strategies AB\",\"url\":\"https:\\\/\\\/devstrategies.se\\\/\",\"logo\":{\"@type\":\"ImageObject\",\"inLanguage\":\"en-GB\",\"@id\":\"https:\\\/\\\/devstrategies.se\\\/#\\\/schema\\\/logo\\\/image\\\/\",\"url\":\"https:\\\/\\\/devstrategies.se\\\/wp-content\\\/uploads\\\/2025\\\/02\\\/Dev-Strategies-Risk-Security-Total-Defence.png\",\"contentUrl\":\"https:\\\/\\\/devstrategies.se\\\/wp-content\\\/uploads\\\/2025\\\/02\\\/Dev-Strategies-Risk-Security-Total-Defence.png\",\"width\":2500,\"height\":601,\"caption\":\"Dev Strategies AB\"},\"image\":{\"@id\":\"https:\\\/\\\/devstrategies.se\\\/#\\\/schema\\\/logo\\\/image\\\/\"},\"sameAs\":[\"https:\\\/\\\/www.linkedin.com\\\/company\\\/dev_strategies\"]}]}<\/script>\n<!-- \/ Yoast SEO plugin. -->","yoast_head_json":{"title":"Kontakta oss - Dev Strategies","description":"\u00c4r du intresserad av att veta mer om oss, v\u00e5ra tj\u00e4nster eller DevCap software? Kontakta oss s\u00e5 bokar vi g\u00e4rna in ett m\u00f6te anpassat efter dina behov.","robots":{"index":"index","follow":"follow","max-snippet":"max-snippet:-1","max-image-preview":"max-image-preview:large","max-video-preview":"max-video-preview:-1"},"canonical":"https:\/\/devstrategies.se\/en\/kontakta-oss\/","og_locale":"en_GB","og_type":"article","og_title":"Kontakta oss - Dev Strategies","og_description":"\u00c4r du intresserad av att veta mer om oss, v\u00e5ra tj\u00e4nster eller DevCap software? Kontakta oss s\u00e5 bokar vi g\u00e4rna in ett m\u00f6te anpassat efter dina behov.","og_url":"https:\/\/devstrategies.se\/en\/kontakta-oss\/","og_site_name":"Dev Strategies","article_modified_time":"2025-09-24T12:15:19+00:00","twitter_card":"summary_large_image","twitter_misc":{"Estimated reading time":"2 minutes"},"schema":{"@context":"https:\/\/schema.org","@graph":[{"@type":"WebPage","@id":"https:\/\/devstrategies.se\/kontakta-oss\/","url":"https:\/\/devstrategies.se\/kontakta-oss\/","name":"Kontakta oss - Dev Strategies","isPartOf":{"@id":"https:\/\/devstrategies.se\/#website"},"datePublished":"2024-03-18T08:45:16+00:00","dateModified":"2025-09-24T12:15:19+00:00","description":"\u00c4r du intresserad av att veta mer om oss, v\u00e5ra tj\u00e4nster eller DevCap software? Kontakta oss s\u00e5 bokar vi g\u00e4rna in ett m\u00f6te anpassat efter dina behov.","breadcrumb":{"@id":"https:\/\/devstrategies.se\/kontakta-oss\/#breadcrumb"},"inLanguage":"en-GB","potentialAction":[{"@type":"ReadAction","target":["https:\/\/devstrategies.se\/kontakta-oss\/"]}]},{"@type":"BreadcrumbList","@id":"https:\/\/devstrategies.se\/kontakta-oss\/#breadcrumb","itemListElement":[{"@type":"ListItem","position":1,"name":"Hem","item":"https:\/\/devstrategies.se\/"},{"@type":"ListItem","position":2,"name":"Kontakta oss"}]},{"@type":"WebSite","@id":"https:\/\/devstrategies.se\/#website","url":"https:\/\/devstrategies.se\/","name":"Dev Strategies","description":"Risk. Security. Defence","publisher":{"@id":"https:\/\/devstrategies.se\/#organization"},"potentialAction":[{"@type":"SearchAction","target":{"@type":"EntryPoint","urlTemplate":"https:\/\/devstrategies.se\/?s={search_term_string}"},"query-input":{"@type":"PropertyValueSpecification","valueRequired":true,"valueName":"search_term_string"}}],"inLanguage":"en-GB"},{"@type":"Organization","@id":"https:\/\/devstrategies.se\/#organization","name":"Dev Strategies AB","url":"https:\/\/devstrategies.se\/","logo":{"@type":"ImageObject","inLanguage":"en-GB","@id":"https:\/\/devstrategies.se\/#\/schema\/logo\/image\/","url":"https:\/\/devstrategies.se\/wp-content\/uploads\/2025\/02\/Dev-Strategies-Risk-Security-Total-Defence.png","contentUrl":"https:\/\/devstrategies.se\/wp-content\/uploads\/2025\/02\/Dev-Strategies-Risk-Security-Total-Defence.png","width":2500,"height":601,"caption":"Dev Strategies AB"},"image":{"@id":"https:\/\/devstrategies.se\/#\/schema\/logo\/image\/"},"sameAs":["https:\/\/www.linkedin.com\/company\/dev_strategies"]}]}},"_links":{"self":[{"href":"https:\/\/devstrategies.se\/en\/wp-json\/wp\/v2\/pages\/73","targetHints":{"allow":["GET"]}}],"collection":[{"href":"https:\/\/devstrategies.se\/en\/wp-json\/wp\/v2\/pages"}],"about":[{"href":"https:\/\/devstrategies.se\/en\/wp-json\/wp\/v2\/types\/page"}],"author":[{"embeddable":true,"href":"https:\/\/devstrategies.se\/en\/wp-json\/wp\/v2\/users\/1"}],"replies":[{"embeddable":true,"href":"https:\/\/devstrategies.se\/en\/wp-json\/wp\/v2\/comments?post=73"}],"version-history":[{"count":116,"href":"https:\/\/devstrategies.se\/en\/wp-json\/wp\/v2\/pages\/73\/revisions"}],"predecessor-version":[{"id":13280,"href":"https:\/\/devstrategies.se\/en\/wp-json\/wp\/v2\/pages\/73\/revisions\/13280"}],"wp:attachment":[{"href":"https:\/\/devstrategies.se\/en\/wp-json\/wp\/v2\/media?parent=73"}],"curies":[{"name":"wp","href":"https:\/\/api.w.org\/{rel}","templated":true}]}}