{"id":647,"date":"2024-05-14T10:15:06","date_gmt":"2024-05-14T08:15:06","guid":{"rendered":"https:\/\/subdomain.devstrategies.se\/?page_id=647"},"modified":"2025-09-23T19:52:56","modified_gmt":"2025-09-23T17:52:56","slug":"responsible-ai","status":"publish","type":"page","link":"https:\/\/devstrategies.se\/en\/responsible-ai\/","title":{"rendered":"responsible-ai"},"content":{"rendered":"<div id=\"fws_69ee28a834be3\"  data-column-margin=\"20px\" data-midnight=\"dark\" data-top-percent=\"10%\" data-bottom-percent=\"2.5%\"  class=\"wpb_row vc_row-fluid vc_row full-width-content vc_row-o-equal-height vc_row-flex vc_row-o-content-top  zindex-set right_padding_15pct left_padding_5pct top_padding_tablet_20pct top_padding_phone_20pct bottom_padding_tablet_12pct bottom_padding_phone_18pct right_padding_phone_5pct left_padding_phone_5pct\"  style=\"padding-top: calc(100vw * 0.10); padding-bottom: calc(100vw * 0.02);  z-index: 10;\"><div class=\"row-bg-wrap\" data-bg-animation=\"none\" data-bg-animation-delay=\"\" data-bg-overlay=\"false\"><div class=\"inner-wrap row-bg-layer\" ><div class=\"row-bg viewport-desktop using-bg-color\"  style=\"background-color: #f0f1f4; \"><\/div><\/div><\/div><div class=\"row_col_wrap_12 col span_12 dark left\">\n\t<div  class=\"vc_col-sm-12 wpb_column column_container vc_column_container col no-extra-padding el_spacing_0px inherit_tablet inherit_phone\"  data-border-radius=\"15px\" data-padding-pos=\"all\" data-has-bg-color=\"false\" data-bg-color=\"\" data-bg-opacity=\"1\" data-animation=\"\" data-delay=\"0\" >\n\t\t<div class=\"vc_column-inner\" >\n\t\t\t<div class=\"wpb_wrapper\">\n\t\t\t\t<div class=\"nectar-split-heading  font_size_65px font_size_tablet_35px font_size_phone_27px text_direction_ltr\" data-align=\"default\" data-m-align=\"inherit\" data-text-effect=\"none\" data-animation-type=\"line-reveal-by-space\" data-animation-delay=\"0\" data-animation-offset=\"\" data-m-rm-animation=\"\" data-stagger=\"\" data-custom-font-size=\"true\" style=\"font-size: 65px; line-height: 70.2px;\"><h1 style=\" color: #000000;\">Ansvarsfullt anv\u00e4ndande av Artificiell Intelligens<\/h1><\/div><div class=\"divider-wrap height_tablet_10px height_phone_10px\" data-alignment=\"default\"><div style=\"height: 20px;\" class=\"divider\"><\/div><\/div>\n<div class=\"wpb_text_column wpb_content_element\" >\n\t<div class=\"wpb_wrapper\">\n\t\t<h3><span class=\"js-text-content content-block\"><span class=\"wysiwyg-font-size-24\">P\u00e5 Dev Strategies \u00e4r vi fast beslutna i att anv\u00e4nda artificiell intelligens (AI) p\u00e5 ett ansvarsfullt och etiskt s\u00e4tt. Vi f\u00f6rst\u00e5r kraften i AI att transformera verksamheter och samh\u00e4llen, men ocks\u00e5 behovet av att n\u00e4rma oss denna teknologi med f\u00f6rsiktighet och omsorg. D\u00e4rf\u00f6r har vi etablerat ett ramverk som innefattar etiska principer och policy f\u00f6r ansvarsfull anv\u00e4ndning av AI.<\/span><\/span><\/h3>\n\t<\/div>\n<\/div>\n\n\n\n\n\t\t\t<\/div> \n\t\t<\/div>\n\t<\/div> \n<\/div><\/div>\n\t\t<div id=\"fws_69ee28a835a92\"  data-column-margin=\"20px\" data-midnight=\"dark\" data-top-percent=\"5%\" data-bottom-percent=\"2%\"  class=\"wpb_row vc_row-fluid vc_row full-width-content vc_row-o-equal-height vc_row-flex vc_row-o-content-top  zindex-set right_padding_15pct left_padding_5pct top_padding_tablet_10pct top_padding_phone_15pct bottom_padding_tablet_2pct bottom_padding_phone_2pct right_padding_phone_5pct left_padding_phone_5pct\"  style=\"padding-top: calc(100vw * 0.05); padding-bottom: calc(100vw * 0.02);  z-index: 10;\"><div class=\"row-bg-wrap\" data-bg-animation=\"none\" data-bg-animation-delay=\"\" data-bg-overlay=\"false\"><div class=\"inner-wrap row-bg-layer\" ><div class=\"row-bg viewport-desktop using-bg-color\"  style=\"background-color: #ffffff; \"><\/div><\/div><\/div><div class=\"row_col_wrap_12 col span_12 dark left\">\n\t<div  class=\"vc_col-sm-12 wpb_column column_container vc_column_container col no-extra-padding el_spacing_0px inherit_tablet inherit_phone\"  data-border-radius=\"15px\" data-padding-pos=\"all\" data-has-bg-color=\"false\" data-bg-color=\"\" data-bg-opacity=\"1\" data-animation=\"\" data-delay=\"0\" >\n\t\t<div class=\"vc_column-inner\" >\n\t\t\t<div class=\"wpb_wrapper\">\n\t\t\t\t<div class=\"nectar-split-heading  font_size_40px font_size_tablet_30px font_size_phone_20px text_direction_ltr\" data-align=\"default\" data-m-align=\"inherit\" data-text-effect=\"none\" data-animation-type=\"line-reveal-by-space\" data-animation-delay=\"0\" data-animation-offset=\"\" data-m-rm-animation=\"\" data-stagger=\"\" data-custom-font-size=\"true\" style=\"font-size: 40px; line-height: 43.2px;\"><h2 style=\" color: #000000;\">Etiska principer<\/h2><\/div><div class=\"divider-wrap height_tablet_10px height_phone_10px\" data-alignment=\"default\"><div style=\"height: 20px;\" class=\"divider\"><\/div><\/div>\n<div class=\"wpb_text_column wpb_content_element\" >\n\t<div class=\"wpb_wrapper\">\n\t\t<h3><strong>R\u00e4ttvisa<\/strong><\/h3>\n<p>AI-systemen vi anv\u00e4nder ska vara utformade f\u00f6r att motverka bias och diskriminering av individer och grupper. Det ska finnas en process f\u00f6r att identifiera och korrigera eventuella felaktigheter i de AI-system vi anv\u00e4nder.<\/p>\n<h3><strong>Transparens<\/strong><\/h3>\n<p>Vi anv\u00e4nder AI-system vars funktioner och beslutsprocesser \u00e4r s\u00e5 l\u00e5ngt det \u00e4r m\u00f6jligt designade f\u00f6r att vara f\u00f6rklaringsbara.<\/p>\n<h3><strong>Ansvarighet<\/strong><\/h3>\n<p>Vi s\u00e4kerst\u00e4ller att det alltid finnas en tydlig m\u00e4nsklig \u00f6versikt och ansvarstagande vid anv\u00e4ndandet av AI-system. Vi tar ansvar i alla steg f\u00f6r att hantera risker samt f\u00f6lja g\u00e4llande lagar, standarder och best practice inom AI.<\/p>\n<h3><strong>S\u00e4kerhet<\/strong><\/h3>\n<p>Vi prioriterar s\u00e4kerheten i alla AI-system vi anv\u00e4nder med m\u00e5let att skydda m\u00e4nniskor, verksamhet, information och tillg\u00e5ngar fr\u00e5n potentiella skador som kan uppst\u00e5 av dessa system.<\/p>\n\t<\/div>\n<\/div>\n\n\n\n\n\t\t\t<\/div> \n\t\t<\/div>\n\t<\/div> \n<\/div><\/div>\n\t\t<div id=\"fws_69ee28a836678\"  data-column-margin=\"20px\" data-midnight=\"dark\" data-top-percent=\"5%\" data-bottom-percent=\"5%\"  class=\"wpb_row vc_row-fluid vc_row full-width-content vc_row-o-equal-height vc_row-flex vc_row-o-content-top  zindex-set right_padding_15pct left_padding_5pct top_padding_tablet_10pct top_padding_phone_15pct bottom_padding_tablet_10pct bottom_padding_phone_15pct right_padding_phone_5pct left_padding_phone_5pct\"  style=\"padding-top: calc(100vw * 0.05); padding-bottom: calc(100vw * 0.05);  z-index: 10;\"><div class=\"row-bg-wrap\" data-bg-animation=\"none\" data-bg-animation-delay=\"\" data-bg-overlay=\"false\"><div class=\"inner-wrap row-bg-layer\" ><div class=\"row-bg viewport-desktop using-bg-color\"  style=\"background-color: #ffffff; \"><\/div><\/div><\/div><div class=\"row_col_wrap_12 col span_12 dark left\">\n\t<div  class=\"vc_col-sm-12 wpb_column column_container vc_column_container col no-extra-padding el_spacing_0px inherit_tablet inherit_phone\"  data-border-radius=\"15px\" data-padding-pos=\"all\" data-has-bg-color=\"false\" data-bg-color=\"\" data-bg-opacity=\"1\" data-animation=\"\" data-delay=\"0\" >\n\t\t<div class=\"vc_column-inner\" >\n\t\t\t<div class=\"wpb_wrapper\">\n\t\t\t\t<div class=\"nectar-split-heading  font_size_40px font_size_tablet_30px font_size_phone_20px text_direction_ltr\" data-align=\"default\" data-m-align=\"inherit\" data-text-effect=\"none\" data-animation-type=\"line-reveal-by-space\" data-animation-delay=\"0\" data-animation-offset=\"\" data-m-rm-animation=\"\" data-stagger=\"\" data-custom-font-size=\"true\" style=\"font-size: 40px; line-height: 43.2px;\"><h2 style=\" color: #000000;\">Policy f\u00f6r ansvarsfullt anv\u00e4ndande av AI<\/h2><\/div><div class=\"divider-wrap height_tablet_10px height_phone_10px\" data-alignment=\"default\"><div style=\"height: 20px;\" class=\"divider\"><\/div><\/div>\n<div class=\"wpb_text_column wpb_content_element\" >\n\t<div class=\"wpb_wrapper\">\n\t\t<h3><strong>M\u00e4nskligt Fokus<\/strong><\/h3>\n<p>Vi anv\u00e4nder AI-system och AI-teknik f\u00f6r att f\u00f6rst\u00e4rka m\u00e4nskliga kapaciteter, fr\u00e4mja kreativitet och produktivitet utan att ers\u00e4tta m\u00e4nsklig intuition och etisk bed\u00f6mning.<\/p>\n<h3><strong>Tillf\u00f6rlitlighet<\/strong><\/h3>\n<p>Vi anv\u00e4nder AI-system som bed\u00f6ms vara p\u00e5litliga och fungera i enlighet med deras specificerade syften och precision. Vi v\u00e4ljer AI-system med utg\u00e5ngspunkt i v\u00e5ra etiska principer.<\/p>\n<h3><strong>Anv\u00e4ndning och dataskydd<\/strong><\/h3>\n<p>All data som hanteras och anv\u00e4nds i AI-systemen ska samlas in, lagras, och hanteras p\u00e5 ett s\u00e4kert och lagligt s\u00e4tt i enlighet med g\u00e4llande lagstiftning och ledande praxis f\u00f6r dataskydd och informationss\u00e4kerhet.<\/p>\n<h3><strong>Riskbed\u00f6mning<\/strong><\/h3>\n<p>Vi omh\u00e4ndertar AI relaterade risker inom ramen av v\u00e5r riskhanteringsprocess.<\/p>\n<h3><strong>Utbildning<\/strong><\/h3>\n<p>Alla medarbetare genomg\u00e5r regelbunden utbildning i ansvarsfull anv\u00e4ndning av AI f\u00f6r att s\u00e4kerst\u00e4lla f\u00f6rst\u00e5else i etiska fr\u00e5gor och risker kopplade till AI.<\/p>\n<h3><strong>Styrning och kontroll<\/strong><\/h3>\n<p>Vi utf\u00f6r regelbunden uppf\u00f6ljning av anv\u00e4ndandet av AI-system samt granskning och uppdatering av v\u00e5ra ramverk och processer f\u00f6r ansvarsf\u00f6rfullt anv\u00e4ndande av AI.<\/p>\n<h3><strong>L\u00f6pande F\u00f6rb\u00e4ttring och Anpassning<\/strong><\/h3>\n<p>Vi f\u00f6ljer kontinuerligt utvecklingen inom AI-teknologi och etiska standarder, samt reviderar och f\u00f6rb\u00e4ttrar v\u00e5ra interna riktlinjer och metoder f\u00f6r ansvarsfullt anv\u00e4ndande av AI.<\/p>\n<h3><strong>F\u00f6r\u00e4ndringar<\/strong><\/h3>\n<p>V\u00e5r AI-policy kan \u00e4ndras fr\u00e5n tid till annan och eventuella \u00e4ndringar kommer att publiceras p\u00e5 denna sida.<\/p>\n<h3><strong>Kontaktinformation<\/strong><\/h3>\n<p>F\u00f6r fr\u00e5gor om v\u00e5rt ramverk f\u00f6r ansvarsfullt anv\u00e4ndande av Artificiell Intelligens, v\u00e4nligen kontakta oss:<\/p>\n\t<\/div>\n<\/div>\n\n\n\n<div class=\"divider-wrap height_tablet_10px height_phone_10px\" data-alignment=\"default\"><div style=\"height: 20px;\" class=\"divider\"><\/div><\/div><div class=\"iwithtext\"><div class=\"iwt-icon\"> <i class=\"icon-default-style fa fa-phone extra-color-2\"><\/i> <\/div><div class=\"iwt-text\"> <a href=\"tel:+46812439603\"><span style=\"color: #2030fc;\">+46 (0)8 &#8211; 124 39 603<\/span><\/a> <\/div><div class=\"clear\"><\/div><\/div><div class=\"divider-wrap height_tablet_10px height_phone_10px\" data-alignment=\"default\"><div style=\"height: 20px;\" class=\"divider\"><\/div><\/div><div class=\"iwithtext\"><div class=\"iwt-icon\"> <i class=\"icon-default-style fa fa-envelope-o extra-color-2\"><\/i> <\/div><div class=\"iwt-text\"> <a href=\"mailto:info@devstrategies.se\"><span style=\"color: #2030fc;\">info@devstrategies.se<\/span><\/a> eller anv\u00e4nd v\u00e5rt <span class=\"wysiwyg-font-size-18\"><a style=\"border-bottom: 2px solid blue; text-decoration: none; padding-bottom: 2px;\" href=\"https:\/\/devstrategies.se\/en\/kontakta-oss\/\"><span class=\"js-text-content content-block\"><span class=\"wysiwyg-font-size-24\">kontaktf\u00f6rmul\u00e4r<\/span><\/span><\/a>.<\/span> <\/div><div class=\"clear\"><\/div><\/div><div class=\"divider-wrap height_tablet_10px height_phone_10px\" data-alignment=\"default\"><div style=\"height: 20px;\" class=\"divider\"><\/div><\/div>\n<div class=\"wpb_text_column wpb_content_element\" >\n\t<div class=\"wpb_wrapper\">\n\t\t<p>Senast uppdaterad: 2025-07-23<\/p>\n\t<\/div>\n<\/div>\n\n\n\n\n\t\t\t<\/div> \n\t\t<\/div>\n\t<\/div> \n<\/div><\/div>","protected":false},"excerpt":{"rendered":"Ansvarsfullt anv\u00e4ndande av Artificiell Intelligens P\u00e5 Dev Strategies \u00e4r vi fast beslutna i att anv\u00e4nda artificiell intelligens (AI) p\u00e5 ett ansvarsfullt och etiskt s\u00e4tt. Vi f\u00f6rst\u00e5r kraften i AI att...","protected":false},"author":1,"featured_media":0,"parent":0,"menu_order":0,"comment_status":"closed","ping_status":"closed","template":"","meta":{"footnotes":""},"class_list":["post-647","page","type-page","status-publish"],"yoast_head":"<!-- This site is optimized with the Yoast SEO plugin v27.4 - https:\/\/yoast.com\/product\/yoast-seo-wordpress\/ -->\n<title>responsible-ai - Dev Strategies<\/title>\n<meta name=\"description\" content=\"P\u00e5 Dev Strategies \u00e4r vi fast beslutna i att anv\u00e4nda artificiell intelligens (AI) p\u00e5 ett ansvarsfullt och etiskt s\u00e4tt.\" \/>\n<meta name=\"robots\" content=\"index, follow, max-snippet:-1, max-image-preview:large, max-video-preview:-1\" \/>\n<link rel=\"canonical\" href=\"https:\/\/devstrategies.se\/en\/responsible-ai\/\" \/>\n<meta property=\"og:locale\" content=\"en_GB\" \/>\n<meta property=\"og:type\" content=\"article\" \/>\n<meta property=\"og:title\" content=\"responsible-ai - Dev Strategies\" \/>\n<meta property=\"og:description\" content=\"P\u00e5 Dev Strategies \u00e4r vi fast beslutna i att anv\u00e4nda artificiell intelligens (AI) p\u00e5 ett ansvarsfullt och etiskt s\u00e4tt.\" \/>\n<meta property=\"og:url\" content=\"https:\/\/devstrategies.se\/en\/responsible-ai\/\" \/>\n<meta property=\"og:site_name\" content=\"Dev Strategies\" \/>\n<meta property=\"article:modified_time\" content=\"2025-09-23T17:52:56+00:00\" \/>\n<meta name=\"twitter:card\" content=\"summary_large_image\" \/>\n<meta name=\"twitter:label1\" content=\"Estimated reading time\" \/>\n\t<meta name=\"twitter:data1\" content=\"4 minutes\" \/>\n<script type=\"application\/ld+json\" class=\"yoast-schema-graph\">{\"@context\":\"https:\\\/\\\/schema.org\",\"@graph\":[{\"@type\":\"WebPage\",\"@id\":\"https:\\\/\\\/devstrategies.se\\\/responsible-ai\\\/\",\"url\":\"https:\\\/\\\/devstrategies.se\\\/responsible-ai\\\/\",\"name\":\"responsible-ai - Dev Strategies\",\"isPartOf\":{\"@id\":\"https:\\\/\\\/devstrategies.se\\\/#website\"},\"datePublished\":\"2024-05-14T08:15:06+00:00\",\"dateModified\":\"2025-09-23T17:52:56+00:00\",\"description\":\"P\u00e5 Dev Strategies \u00e4r vi fast beslutna i att anv\u00e4nda artificiell intelligens (AI) p\u00e5 ett ansvarsfullt och etiskt s\u00e4tt.\",\"breadcrumb\":{\"@id\":\"https:\\\/\\\/devstrategies.se\\\/responsible-ai\\\/#breadcrumb\"},\"inLanguage\":\"en-GB\",\"potentialAction\":[{\"@type\":\"ReadAction\",\"target\":[\"https:\\\/\\\/devstrategies.se\\\/responsible-ai\\\/\"]}]},{\"@type\":\"BreadcrumbList\",\"@id\":\"https:\\\/\\\/devstrategies.se\\\/responsible-ai\\\/#breadcrumb\",\"itemListElement\":[{\"@type\":\"ListItem\",\"position\":1,\"name\":\"Hem\",\"item\":\"https:\\\/\\\/devstrategies.se\\\/\"},{\"@type\":\"ListItem\",\"position\":2,\"name\":\"responsible-ai\"}]},{\"@type\":\"WebSite\",\"@id\":\"https:\\\/\\\/devstrategies.se\\\/#website\",\"url\":\"https:\\\/\\\/devstrategies.se\\\/\",\"name\":\"Dev Strategies\",\"description\":\"Risk. Security. Defence\",\"publisher\":{\"@id\":\"https:\\\/\\\/devstrategies.se\\\/#organization\"},\"potentialAction\":[{\"@type\":\"SearchAction\",\"target\":{\"@type\":\"EntryPoint\",\"urlTemplate\":\"https:\\\/\\\/devstrategies.se\\\/?s={search_term_string}\"},\"query-input\":{\"@type\":\"PropertyValueSpecification\",\"valueRequired\":true,\"valueName\":\"search_term_string\"}}],\"inLanguage\":\"en-GB\"},{\"@type\":\"Organization\",\"@id\":\"https:\\\/\\\/devstrategies.se\\\/#organization\",\"name\":\"Dev Strategies AB\",\"url\":\"https:\\\/\\\/devstrategies.se\\\/\",\"logo\":{\"@type\":\"ImageObject\",\"inLanguage\":\"en-GB\",\"@id\":\"https:\\\/\\\/devstrategies.se\\\/#\\\/schema\\\/logo\\\/image\\\/\",\"url\":\"https:\\\/\\\/devstrategies.se\\\/wp-content\\\/uploads\\\/2025\\\/02\\\/Dev-Strategies-Risk-Security-Total-Defence.png\",\"contentUrl\":\"https:\\\/\\\/devstrategies.se\\\/wp-content\\\/uploads\\\/2025\\\/02\\\/Dev-Strategies-Risk-Security-Total-Defence.png\",\"width\":2500,\"height\":601,\"caption\":\"Dev Strategies AB\"},\"image\":{\"@id\":\"https:\\\/\\\/devstrategies.se\\\/#\\\/schema\\\/logo\\\/image\\\/\"},\"sameAs\":[\"https:\\\/\\\/www.linkedin.com\\\/company\\\/dev_strategies\"]}]}<\/script>\n<!-- \/ Yoast SEO plugin. -->","yoast_head_json":{"title":"responsible-ai - Dev Strategies","description":"P\u00e5 Dev Strategies \u00e4r vi fast beslutna i att anv\u00e4nda artificiell intelligens (AI) p\u00e5 ett ansvarsfullt och etiskt s\u00e4tt.","robots":{"index":"index","follow":"follow","max-snippet":"max-snippet:-1","max-image-preview":"max-image-preview:large","max-video-preview":"max-video-preview:-1"},"canonical":"https:\/\/devstrategies.se\/en\/responsible-ai\/","og_locale":"en_GB","og_type":"article","og_title":"responsible-ai - Dev Strategies","og_description":"P\u00e5 Dev Strategies \u00e4r vi fast beslutna i att anv\u00e4nda artificiell intelligens (AI) p\u00e5 ett ansvarsfullt och etiskt s\u00e4tt.","og_url":"https:\/\/devstrategies.se\/en\/responsible-ai\/","og_site_name":"Dev Strategies","article_modified_time":"2025-09-23T17:52:56+00:00","twitter_card":"summary_large_image","twitter_misc":{"Estimated reading time":"4 minutes"},"schema":{"@context":"https:\/\/schema.org","@graph":[{"@type":"WebPage","@id":"https:\/\/devstrategies.se\/responsible-ai\/","url":"https:\/\/devstrategies.se\/responsible-ai\/","name":"responsible-ai - Dev Strategies","isPartOf":{"@id":"https:\/\/devstrategies.se\/#website"},"datePublished":"2024-05-14T08:15:06+00:00","dateModified":"2025-09-23T17:52:56+00:00","description":"P\u00e5 Dev Strategies \u00e4r vi fast beslutna i att anv\u00e4nda artificiell intelligens (AI) p\u00e5 ett ansvarsfullt och etiskt s\u00e4tt.","breadcrumb":{"@id":"https:\/\/devstrategies.se\/responsible-ai\/#breadcrumb"},"inLanguage":"en-GB","potentialAction":[{"@type":"ReadAction","target":["https:\/\/devstrategies.se\/responsible-ai\/"]}]},{"@type":"BreadcrumbList","@id":"https:\/\/devstrategies.se\/responsible-ai\/#breadcrumb","itemListElement":[{"@type":"ListItem","position":1,"name":"Hem","item":"https:\/\/devstrategies.se\/"},{"@type":"ListItem","position":2,"name":"responsible-ai"}]},{"@type":"WebSite","@id":"https:\/\/devstrategies.se\/#website","url":"https:\/\/devstrategies.se\/","name":"Dev Strategies","description":"Risk. Security. Defence","publisher":{"@id":"https:\/\/devstrategies.se\/#organization"},"potentialAction":[{"@type":"SearchAction","target":{"@type":"EntryPoint","urlTemplate":"https:\/\/devstrategies.se\/?s={search_term_string}"},"query-input":{"@type":"PropertyValueSpecification","valueRequired":true,"valueName":"search_term_string"}}],"inLanguage":"en-GB"},{"@type":"Organization","@id":"https:\/\/devstrategies.se\/#organization","name":"Dev Strategies AB","url":"https:\/\/devstrategies.se\/","logo":{"@type":"ImageObject","inLanguage":"en-GB","@id":"https:\/\/devstrategies.se\/#\/schema\/logo\/image\/","url":"https:\/\/devstrategies.se\/wp-content\/uploads\/2025\/02\/Dev-Strategies-Risk-Security-Total-Defence.png","contentUrl":"https:\/\/devstrategies.se\/wp-content\/uploads\/2025\/02\/Dev-Strategies-Risk-Security-Total-Defence.png","width":2500,"height":601,"caption":"Dev Strategies AB"},"image":{"@id":"https:\/\/devstrategies.se\/#\/schema\/logo\/image\/"},"sameAs":["https:\/\/www.linkedin.com\/company\/dev_strategies"]}]}},"_links":{"self":[{"href":"https:\/\/devstrategies.se\/en\/wp-json\/wp\/v2\/pages\/647","targetHints":{"allow":["GET"]}}],"collection":[{"href":"https:\/\/devstrategies.se\/en\/wp-json\/wp\/v2\/pages"}],"about":[{"href":"https:\/\/devstrategies.se\/en\/wp-json\/wp\/v2\/types\/page"}],"author":[{"embeddable":true,"href":"https:\/\/devstrategies.se\/en\/wp-json\/wp\/v2\/users\/1"}],"replies":[{"embeddable":true,"href":"https:\/\/devstrategies.se\/en\/wp-json\/wp\/v2\/comments?post=647"}],"version-history":[{"count":17,"href":"https:\/\/devstrategies.se\/en\/wp-json\/wp\/v2\/pages\/647\/revisions"}],"predecessor-version":[{"id":13270,"href":"https:\/\/devstrategies.se\/en\/wp-json\/wp\/v2\/pages\/647\/revisions\/13270"}],"wp:attachment":[{"href":"https:\/\/devstrategies.se\/en\/wp-json\/wp\/v2\/media?parent=647"}],"curies":[{"name":"wp","href":"https:\/\/api.w.org\/{rel}","templated":true}]}}